{"id":11777,"date":"2016-05-02T00:59:04","date_gmt":"2016-05-01T23:59:04","guid":{"rendered":"https:\/\/www.maeva-polynesie.fr\/?page_id=11777"},"modified":"2018-12-27T23:40:56","modified_gmt":"2018-12-27T22:40:56","slug":"assemblee-generale","status":"publish","type":"page","link":"https:\/\/www.maeva-polynesie.fr\/?page_id=11777","title":{"rendered":"Assembl\u00e9e G\u00e9n\u00e9rale"},"content":{"rendered":"<div class=\"fusion-fullwidth fullwidth-box fusion-builder-row-1 nonhundred-percent-fullwidth non-hundred-percent-height-scrolling\" style=\"--awb-background-position:left top;--awb-border-radius-top-left:0px;--awb-border-radius-top-right:0px;--awb-border-radius-bottom-right:0px;--awb-border-radius-bottom-left:0px;--awb-padding-top:20px;--awb-padding-bottom:20px;--awb-border-sizes-top:0px;--awb-border-sizes-bottom:0px;--awb-flex-wrap:wrap;\" ><div class=\"fusion-builder-row fusion-row\"><div class=\"fusion-layout-column fusion_builder_column fusion-builder-column-0 fusion_builder_column_1_1 1_1 fusion-one-full fusion-column-first fusion-column-last fusion-column-no-min-height\" style=\"--awb-bg-size:cover;--awb-margin-bottom:0px;\"><div class=\"fusion-column-wrapper fusion-flex-column-wrapper-legacy\"><div class=\"fusion-text fusion-text-1\"><h1>Assembl\u00e9e g\u00e9n\u00e9rale 2018<\/h1>\n<p>La prochaine assembl\u00e9e g\u00e9n\u00e9rale aura lieu le dimanche\u00a020 mai 2018.<\/p>\n<p>Pour plus d&#8217;information voir cet <a href=\"https:\/\/www.maeva-polynesie.fr\/?tribe_events=assemblee-generale-2018\">\u00e9v\u00e9nement<\/a>.<\/p>\n<p>Si vous ne pouvez pas venir, merci de nous faire parvenir votre pouvoir \u00e0\u00a0<strong>myriam.pradet [@] maeva-polyn\u00e9sie.fr<\/strong>, il nous sera pr\u00e9cieux !<\/p>\n<\/div><div class=\"fusion-text fusion-text-2\"><h6 style=\"text-align: left;\">Page cr\u00e9\u00e9e par MR le : 2 mai 2016 &#8211; \u00a0modifi\u00e9e par MR le :\u00a08 mai 2018<\/h6>\n<\/div><div class=\"fusion-clearfix\"><\/div><\/div><\/div><\/div><\/div>\n","protected":false},"excerpt":{"rendered":"","protected":false},"author":1,"featured_media":0,"parent":0,"menu_order":0,"comment_status":"closed","ping_status":"closed","template":"","meta":{"footnotes":""},"class_list":["post-11777","page","type-page","status-publish","hentry"],"_links":{"self":[{"href":"https:\/\/www.maeva-polynesie.fr\/index.php?rest_route=\/wp\/v2\/pages\/11777","targetHints":{"allow":["GET"]}}],"collection":[{"href":"https:\/\/www.maeva-polynesie.fr\/index.php?rest_route=\/wp\/v2\/pages"}],"about":[{"href":"https:\/\/www.maeva-polynesie.fr\/index.php?rest_route=\/wp\/v2\/types\/page"}],"author":[{"embeddable":true,"href":"https:\/\/www.maeva-polynesie.fr\/index.php?rest_route=\/wp\/v2\/users\/1"}],"replies":[{"embeddable":true,"href":"https:\/\/www.maeva-polynesie.fr\/index.php?rest_route=%2Fwp%2Fv2%2Fcomments&post=11777"}],"version-history":[{"count":8,"href":"https:\/\/www.maeva-polynesie.fr\/index.php?rest_route=\/wp\/v2\/pages\/11777\/revisions"}],"predecessor-version":[{"id":12972,"href":"https:\/\/www.maeva-polynesie.fr\/index.php?rest_route=\/wp\/v2\/pages\/11777\/revisions\/12972"}],"wp:attachment":[{"href":"https:\/\/www.maeva-polynesie.fr\/index.php?rest_route=%2Fwp%2Fv2%2Fmedia&parent=11777"}],"curies":[{"name":"wp","href":"https:\/\/api.w.org\/{rel}","templated":true}]}}